{"id":36,"date":"2026-02-21T18:52:51","date_gmt":"2026-02-21T17:52:51","guid":{"rendered":"https:\/\/hostellerie.lu\/aviso-legal\/"},"modified":"2026-02-21T18:52:51","modified_gmt":"2026-02-21T17:52:51","slug":"aviso-legal","status":"publish","type":"page","link":"https:\/\/hostellerie.lu\/pt-pt\/aviso-legal\/","title":{"rendered":"Aviso Legal"},"content":{"rendered":"<p>Este documento estabelece os termos e condi\u00e7\u00f5es sob os quais se rege o uso do site <strong>https:\/\/hostellerie.lu<\/strong>, doravante denominado o Diret\u00f3rio. O acesso e uso deste site conferem a condi\u00e7\u00e3o de usu\u00e1rio e implicam a aceita\u00e7\u00e3o plena e sem reservas de todas as disposi\u00e7\u00f5es inclu\u00eddas neste Aviso Legal.<\/p>\n<h2>Controlador de Dados<\/h2>\n<p>O propriet\u00e1rio deste site \u00e9 o titular de <strong>Bienvenido a hostellerie.lu<\/strong>.<\/p>\n<ul>\n<li><strong>Nome do Site:<\/strong> Bienvenido a hostellerie.lu<\/li>\n<\/ul>\n<h2>Propriedade Intelectual<\/h2>\n<p>Todo o conte\u00fado do site, incluindo textos, gr\u00e1ficos, logotipos, imagens, design gr\u00e1fico, c\u00f3digo-fonte e software, \u00e9 de propriedade exclusiva do titular do Diret\u00f3rio ou de terceiros que autorizaram seu uso. Eles est\u00e3o protegidos pelas leis de propriedade intelectual e industrial.<\/p>\n<p>A reprodu\u00e7\u00e3o, distribui\u00e7\u00e3o, comunica\u00e7\u00e3o p\u00fablica, transforma\u00e7\u00e3o ou qualquer outra forma de explora\u00e7\u00e3o total ou parcial do conte\u00fado sem a autoriza\u00e7\u00e3o pr\u00e9via e por escrito de seus leg\u00edtimos propriet\u00e1rios \u00e9 estritamente proibida.<\/p>\n<p>As marcas e nomes comerciais de terceiros que possam aparecer no Diret\u00f3rio s\u00e3o propriedade de seus respectivos titulares. Sua inclus\u00e3o n\u00e3o implica a exist\u00eancia de rela\u00e7\u00e3o de associa\u00e7\u00e3o, colabora\u00e7\u00e3o ou participa\u00e7\u00e3o entre n\u00f3s e esses titulares.<\/p>\n<h2>Isen\u00e7\u00e3o de responsabilidade<\/h2>\n<p>O conte\u00fado deste Diret\u00f3rio \u00e9 oferecido para fins informativos. O propriet\u00e1rio do site faz o poss\u00edvel para garantir que as informa\u00e7\u00f5es sejam precisas e atualizadas; no entanto, n\u00e3o pode garantir a aus\u00eancia de erros nem a exatid\u00e3o completa das informa\u00e7\u00f5es.<\/p>\n<p>N\u00e3o nos responsabilizamos por decis\u00f5es tomadas com base nas informa\u00e7\u00f5es fornecidas no portal, nem por danos causados ao usu\u00e1rio ou a terceiros por a\u00e7\u00f5es baseadas nessas informa\u00e7\u00f5es.<\/p>\n<h2>Links de terceiros<\/h2>\n<p>O Diret\u00f3rio pode conter links para sites de terceiros sobre os quais n\u00e3o temos controle e pelos quais n\u00e3o assumimos responsabilidade. A inclus\u00e3o desses links n\u00e3o implica recomenda\u00e7\u00e3o ou aprova\u00e7\u00e3o de seus conte\u00fados.<\/p>\n<p>Recomendamos que os usu\u00e1rios leiam os termos e condi\u00e7\u00f5es e as pol\u00edticas de privacidade de qualquer site de terceiros que visitarem.<\/p>\n<h2>Limita\u00e7\u00e3o de responsabilidade<\/h2>\n<p>O acesso ao Diret\u00f3rio pode ser temporariamente suspenso por motivos de manuten\u00e7\u00e3o, reparo ou atualiza\u00e7\u00e3o. N\u00e3o garantimos que o servi\u00e7o seja ininterrupto ou livre de falhas t\u00e9cnicas.<\/p>\n<p>Na m\u00e1xima medida permitida por lei, o propriet\u00e1rio exclui qualquer responsabilidade por danos de qualquer natureza que possam ser devidos \u00e0 falta de disponibilidade ou continuidade do funcionamento do Diret\u00f3rio.<\/p>\n<p>O usu\u00e1rio reconhece e aceita que utiliza o Diret\u00f3rio e seus servi\u00e7os sob sua \u00fanica e exclusiva responsabilidade.<\/p>\n","protected":false},"excerpt":{"rendered":"<p>Este documento estabelece os termos e condi\u00e7\u00f5es sob os quais se rege o uso do site https:\/\/hostellerie.lu, doravante denominado o Diret\u00f3rio. O acesso e uso deste site conferem a condi\u00e7\u00e3o de usu\u00e1rio e implicam a aceita\u00e7\u00e3o plena e sem reservas de todas as disposi\u00e7\u00f5es inclu\u00eddas neste Aviso Legal. Controlador de Dados O propriet\u00e1rio deste site<a href=\"https:\/\/hostellerie.lu\/pt-pt\/aviso-legal\/\">Continue lendo <span class=\"sr-only\">&#8220;Aviso Legal&#8221;<\/span><\/a><\/p>\n","protected":false},"author":1,"featured_media":0,"parent":0,"menu_order":0,"comment_status":"closed","ping_status":"closed","template":"","meta":{"footnotes":""},"class_list":["post-36","page","type-page","status-publish","hentry"],"_links":{"self":[{"href":"https:\/\/hostellerie.lu\/pt-pt\/wp-json\/wp\/v2\/pages\/36","targetHints":{"allow":["GET"]}}],"collection":[{"href":"https:\/\/hostellerie.lu\/pt-pt\/wp-json\/wp\/v2\/pages"}],"about":[{"href":"https:\/\/hostellerie.lu\/pt-pt\/wp-json\/wp\/v2\/types\/page"}],"author":[{"embeddable":true,"href":"https:\/\/hostellerie.lu\/pt-pt\/wp-json\/wp\/v2\/users\/1"}],"replies":[{"embeddable":true,"href":"https:\/\/hostellerie.lu\/pt-pt\/wp-json\/wp\/v2\/comments?post=36"}],"version-history":[{"count":0,"href":"https:\/\/hostellerie.lu\/pt-pt\/wp-json\/wp\/v2\/pages\/36\/revisions"}],"wp:attachment":[{"href":"https:\/\/hostellerie.lu\/pt-pt\/wp-json\/wp\/v2\/media?parent=36"}],"curies":[{"name":"wp","href":"https:\/\/api.w.org\/{rel}","templated":true}]}}