{"id":24,"date":"2026-02-21T18:52:51","date_gmt":"2026-02-21T17:52:51","guid":{"rendered":"https:\/\/hostellerie.lu\/politica-de-privacidade\/"},"modified":"2026-02-21T18:52:51","modified_gmt":"2026-02-21T17:52:51","slug":"politica-de-privacidade","status":"publish","type":"page","link":"https:\/\/hostellerie.lu\/pt-pt\/politica-de-privacidade\/","title":{"rendered":"Pol\u00edtica de Privacidade"},"content":{"rendered":"<p>No <strong>Bienvenido a hostellerie.lu<\/strong>, a privacidade dos nossos visitantes \u00e9 de extrema import\u00e2ncia. Esta pol\u00edtica de privacidade descreve quais informa\u00e7\u00f5es coletamos sobre voc\u00ea, para que as usamos e os direitos que voc\u00ea tem sobre elas. Ao usar nosso site, voc\u00ea aceita o uso de seus dados pessoais de acordo com esta pol\u00edtica.<\/p>\n<h2>Quais dados pessoais coletamos e por qu\u00ea<\/h2>\n<p>Coletamos informa\u00e7\u00f5es de v\u00e1rias formas quando voc\u00ea interage com nosso site. As informa\u00e7\u00f5es podem incluir:<\/p>\n<ul>\n<li>\n<p><strong>Dados que voc\u00ea nos fornece:<\/strong> Informa\u00e7\u00f5es como seu nome, endere\u00e7o de e-mail e n\u00famero de telefone ao preencher um formul\u00e1rio de contato, assinar uma newsletter ou registrar-se no site. Se voc\u00ea publicar um neg\u00f3cio, tamb\u00e9m coletamos informa\u00e7\u00f5es sobre ele.<\/p>\n<\/li>\n<li>\n<p><strong>Dados coletados automaticamente:<\/strong> Inclui seu endere\u00e7o IP, tipo de navegador, sistema operacional, as p\u00e1ginas que voc\u00ea visita, a hora e o tempo que voc\u00ea passa no site. Usamos essas informa\u00e7\u00f5es para analisar tend\u00eancias e melhorar a experi\u00eancia do usu\u00e1rio.<\/p>\n<\/li>\n<li>\n<p><strong>Cookies e tecnologias semelhantes:<\/strong> Para mais informa\u00e7\u00f5es sobre isso, consulte nosso <a href=\"https:\/\/hostellerie.lu\/politica-de-cookies\">Pol\u00edtica de Cookies<\/a>.<\/p>\n<\/li>\n<\/ul>\n<h2>Base legal para o tratamento dos seus dados<\/h2>\n<p>O tratamento dos seus dados pessoais baseia-se em diferentes fundamentos legais:<\/p>\n<ul>\n<li>\n<p><strong>Seu consentimento:<\/strong> Quando voc\u00ea nos fornece suas informa\u00e7\u00f5es pessoais, voc\u00ea nos d\u00e1 seu consentimento para que as coletemos e usemos para essa finalidade espec\u00edfica. Voc\u00ea pode retirar seu consentimento a qualquer momento.<\/p>\n<\/li>\n<li>\n<p><strong>Interesses leg\u00edtimos:<\/strong> Para melhorar e manter nosso servi\u00e7o, analisar o uso do site e otimizar seu conte\u00fado. Nossos interesses leg\u00edtimos n\u00e3o se sobrep\u00f5em aos seus direitos fundamentais.<\/p>\n<\/li>\n<li>\n<p><strong>Obriga\u00e7\u00e3o legal:<\/strong> Para cumprir requisitos de autoridades judiciais ou administrativas.<\/p>\n<\/li>\n<\/ul>\n<h2>Com quem compartilhamos seus dados<\/h2>\n<p>N\u00e3o vendemos, negociamos ou transferimos suas informa\u00e7\u00f5es pessoais identific\u00e1veis a terceiros sem o seu consentimento. Podemos compartilhar suas informa\u00e7\u00f5es com:<\/p>\n<ul>\n<li>\n<p><strong>Fornecedores de servi\u00e7os:<\/strong> Terceiros de confian\u00e7a que nos ajudam a operar o site (por exemplo, servi\u00e7os de hospedagem ou e-mail).<\/p>\n<\/li>\n<li>\n<p><strong>Outros usu\u00e1rios:<\/strong> Se voc\u00ea publicar um neg\u00f3cio em nosso diret\u00f3rio, as informa\u00e7\u00f5es que fornecer para seu perfil p\u00fablico (nome, endere\u00e7o, etc.) ser\u00e3o vis\u00edveis para todos os visitantes.<\/p>\n<\/li>\n<li>\n<p><strong>Requisitos legais:<\/strong> Se acreditarmos que \u00e9 apropriado para cumprir a lei ou proteger nossos direitos, propriedade ou seguran\u00e7a.<\/p>\n<\/li>\n<\/ul>\n<h2>Por quanto tempo mantemos seus dados<\/h2>\n<p>Reteremos seus dados pessoais apenas pelo tempo necess\u00e1rio para os fins para os quais foram coletados, incluindo o cumprimento de qualquer requisito legal. Por exemplo, manteremos as informa\u00e7\u00f5es da sua conta enquanto ela estiver ativa, e os dados anal\u00edticos an\u00f4nimos ser\u00e3o mantidos por mais tempo para an\u00e1lise de tend\u00eancias.<\/p>\n<h2>Quais s\u00e3o os seus direitos sobre os seus dados<\/h2>\n<p>Voc\u00ea tem v\u00e1rios direitos em rela\u00e7\u00e3o \u00e0s suas informa\u00e7\u00f5es pessoais, os quais nos comprometemos a respeitar:<\/p>\n<ul>\n<li>\n<p><strong>Direito de acesso:<\/strong> Solicitar uma c\u00f3pia das informa\u00e7\u00f5es pessoais que temos sobre voc\u00ea.<\/p>\n<\/li>\n<li>\n<p><strong>Direito de retifica\u00e7\u00e3o:<\/strong> Solicitar a corre\u00e7\u00e3o de qualquer informa\u00e7\u00e3o incorreta.<\/p>\n<\/li>\n<li>\n<p><strong>Direito de elimina\u00e7\u00e3o (&#8220;direito ao esquecimento&#8221;):<\/strong> Solicitar a exclus\u00e3o de suas informa\u00e7\u00f5es pessoais de nossos sistemas.<\/p>\n<\/li>\n<li>\n<p><strong>Direito \u00e0 limita\u00e7\u00e3o do tratamento:<\/strong> Solicitar que limitem o tratamento de suas informa\u00e7\u00f5es.<\/p>\n<\/li>\n<li>\n<p><strong>Direito \u00e0 portabilidade dos dados:<\/strong> Receber suas informa\u00e7\u00f5es pessoais em um formato estruturado e transferi-las para outro respons\u00e1vel.<\/p>\n<\/li>\n<li>\n<p><strong>Direito de oposi\u00e7\u00e3o:<\/strong> Opor-se ao tratamento de suas informa\u00e7\u00f5es, incluindo marketing direto.<\/p>\n<\/li>\n<\/ul>\n<h2>Contato<\/h2>\n<p>Se deseja exercer algum desses direitos ou tiver alguma d\u00favida sobre esta pol\u00edtica, pode entrar em contato conosco atrav\u00e9s do nosso <a href=\"https:\/\/hostellerie.lu\/contato\">p\u00e1gina de contato<\/a>.<\/p>\n","protected":false},"excerpt":{"rendered":"<p>No Bienvenido a hostellerie.lu, a privacidade dos nossos visitantes \u00e9 de extrema import\u00e2ncia. Esta pol\u00edtica de privacidade descreve quais informa\u00e7\u00f5es coletamos sobre voc\u00ea, para que as usamos e os direitos que voc\u00ea tem sobre elas. Ao usar nosso site, voc\u00ea aceita o uso de seus dados pessoais de acordo com esta pol\u00edtica. Quais dados pessoais<a href=\"https:\/\/hostellerie.lu\/pt-pt\/politica-de-privacidade\/\">Continue lendo <span class=\"sr-only\">&#8220;Pol\u00edtica de Privacidade&#8221;<\/span><\/a><\/p>\n","protected":false},"author":1,"featured_media":0,"parent":0,"menu_order":0,"comment_status":"closed","ping_status":"closed","template":"","meta":{"footnotes":""},"class_list":["post-24","page","type-page","status-publish","hentry"],"_links":{"self":[{"href":"https:\/\/hostellerie.lu\/pt-pt\/wp-json\/wp\/v2\/pages\/24","targetHints":{"allow":["GET"]}}],"collection":[{"href":"https:\/\/hostellerie.lu\/pt-pt\/wp-json\/wp\/v2\/pages"}],"about":[{"href":"https:\/\/hostellerie.lu\/pt-pt\/wp-json\/wp\/v2\/types\/page"}],"author":[{"embeddable":true,"href":"https:\/\/hostellerie.lu\/pt-pt\/wp-json\/wp\/v2\/users\/1"}],"replies":[{"embeddable":true,"href":"https:\/\/hostellerie.lu\/pt-pt\/wp-json\/wp\/v2\/comments?post=24"}],"version-history":[{"count":0,"href":"https:\/\/hostellerie.lu\/pt-pt\/wp-json\/wp\/v2\/pages\/24\/revisions"}],"wp:attachment":[{"href":"https:\/\/hostellerie.lu\/pt-pt\/wp-json\/wp\/v2\/media?parent=24"}],"curies":[{"name":"wp","href":"https:\/\/api.w.org\/{rel}","templated":true}]}}